{"id":101,"date":"2022-04-22T00:25:31","date_gmt":"2022-04-21T22:25:31","guid":{"rendered":"http:\/\/www.laurewerle.oxymore.co\/?page_id=101"},"modified":"2022-04-27T15:10:09","modified_gmt":"2022-04-27T13:10:09","slug":"formation","status":"publish","type":"page","link":"https:\/\/www.laurewerle.oxymore.co\/index.php\/formation\/","title":{"rendered":"Formation"},"content":{"rendered":"<div id=\"pl-101\"  class=\"panel-layout\" ><div id=\"pg-101-0\"  class=\"panel-grid panel-no-style\" ><div id=\"pgc-101-0-0\"  class=\"panel-grid-cell\" ><div id=\"panel-101-0-0-0\" class=\"so-panel widget_sow-hero panel-first-child panel-last-child\" data-index=\"0\" ><div\n\t\t\t\n\t\t\tclass=\"so-widget-sow-hero so-widget-sow-hero-default-7421e2ff6695-101 so-widget-fittext-wrapper\"\n\t\t\t data-fit-text-compressor=\"0.85\"\n\t\t>\t\t\t\t<div class=\"sow-slider-base\" style=\"display: none\" tabindex=\"0\">\n\t\t\t\t\t<ul\n\t\t\t\t\tclass=\"sow-slider-images\"\n\t\t\t\t\tdata-settings=\"{&quot;pagination&quot;:true,&quot;speed&quot;:800,&quot;timeout&quot;:8000,&quot;paused&quot;:false,&quot;pause_on_hover&quot;:false,&quot;swipe&quot;:true,&quot;nav_always_show_desktop&quot;:&quot;&quot;,&quot;nav_always_show_mobile&quot;:&quot;&quot;,&quot;breakpoint&quot;:&quot;780px&quot;,&quot;unmute&quot;:false,&quot;anchor&quot;:null}\"\n\t\t\t\t\tstyle=\"min-height: 400px\"\t\t\t\t\tdata-anchor-id=\"\"\n\t\t\t\t>\t\t<li class=\"sow-slider-image  sow-slider-image-cover\" style=\"visibility: visible;;background-color: #333333;background-image: url(https:\/\/www.laurewerle.oxymore.co\/wp-content\/uploads\/2022\/04\/arbre-site.jpg)\" >\n\t\t\t\t\t<div class=\"sow-slider-image-container\">\n\t\t\t<div class=\"sow-slider-image-wrapper\">\n\t\t\t\t\t\t\t<\/div>\n\t\t<\/div>\n\t\t\t\t<\/li>\n\t\t<\/ul>\t\t\t\t<ol class=\"sow-slider-pagination\">\n\t\t\t\t\t\t\t\t\t\t\t<li><a href=\"#\" data-goto=\"0\" aria-label=\"Display slide 1\"><\/a><\/li>\n\t\t\t\t\t\t\t\t\t<\/ol>\n\n\t\t\t\t<div class=\"sow-slide-nav sow-slide-nav-next\">\n\t\t\t\t\t<a href=\"#\" data-goto=\"next\" aria-label=\"Next slide\" data-action=\"next\">\n\t\t\t\t\t\t<em class=\"sow-sld-icon-thin-right\"><\/em>\n\t\t\t\t\t<\/a>\n\t\t\t\t<\/div>\n\n\t\t\t\t<div class=\"sow-slide-nav sow-slide-nav-prev\">\n\t\t\t\t\t<a href=\"#\" data-goto=\"previous\" aria-label=\"Previous slide\" data-action=\"prev\">\n\t\t\t\t\t\t<em class=\"sow-sld-icon-thin-left\"><\/em>\n\t\t\t\t\t<\/a>\n\t\t\t\t<\/div>\n\t\t\t\t<\/div><\/div><\/div><\/div><\/div><div id=\"pg-101-1\"  class=\"panel-grid panel-no-style\" ><div id=\"pgc-101-1-0\"  class=\"panel-grid-cell\" ><div id=\"panel-101-1-0-0\" class=\"so-panel widget_sow-editor panel-first-child\" data-index=\"1\" ><div\n\t\t\t\n\t\t\tclass=\"so-widget-sow-editor so-widget-sow-editor-base\"\n\t\t\t\n\t\t>\n<div class=\"siteorigin-widget-tinymce textwidget\">\n\t<div id=\"cc-m-11289774577\" class=\"j-module n j-header \">\n<h1 id=\"cc-m-header-11289774577\" class=\"\" style=\"text-align: center;\">\u00caTRE LA CLEF<\/h1>\n<\/div>\n<div id=\"cc-m-11353444077\" class=\"j-module n j-spacing \" style=\"text-align: center;\">\n<div class=\"cc-m-spacer\"><\/div>\n<\/div>\n<div id=\"cc-m-11289776077\" class=\"j-module n j-text \">\n<p style=\"text-align: left;\">Se former, c'est en fait s'autoriser.<\/p>\n<p style=\"text-align: left;\">S'autoriser \u00e0 vivre, faire, \u00eatre.<\/p>\n<p style=\"text-align: left;\">Avec le soutien d'un groupe, tu retrouves ce qui est d\u00e9j\u00e0 en toi.<br \/>\nJe t'entends : \u00ab Mais, o\u00f9 en moi?\u00bb<\/p>\n<p style=\"text-align: left;\">Justement, c'est ce qu'on va voir...<\/p>\n<p>&nbsp;<\/p>\n<\/div>\n<div id=\"cc-m-11353445277\" class=\"j-module n j-textWithImage \">\n<div>\n<div id=\"cc-m-textwithimage-11353445277\" class=\"cc-m-textwithimage-inline-rte\" data-name=\"text\" data-action=\"text\">\n<p>&nbsp;<\/p>\n<\/div>\n<\/div>\n<\/div>\n<\/div>\n<\/div><\/div><div id=\"panel-101-1-0-1\" class=\"so-panel widget_sow-editor\" data-index=\"2\" ><div\n\t\t\t\n\t\t\tclass=\"so-widget-sow-editor so-widget-sow-editor-base\"\n\t\t\t\n\t\t>\n<div class=\"siteorigin-widget-tinymce textwidget\">\n\t<div id=\"cc-m-11289774577\" class=\"j-module n j-header \"><\/div>\n<div id=\"cc-m-11353445777\" class=\"j-module n j-textWithImage \">\n<figure class=\"cc-imagewrapper cc-m-image-align-1\"><img decoding=\"async\" id=\"cc-m-textwithimage-image-11353445777\" class=\"alignleft\" src=\"https:\/\/image.jimcdn.com\/app\/cms\/image\/transf\/dimension=451x1024:format=jpg\/path\/sb7a0740e714fa9e8\/image\/i2501657370033762\/version\/1525173647\/image.jpg\" sizes=\"(min-width: 451px) 451px, 100vw\" srcset=\"https:\/\/image.jimcdn.com\/app\/cms\/image\/transf\/dimension=320x1024:format=jpg\/path\/sb7a0740e714fa9e8\/image\/i2501657370033762\/version\/1525173647\/image.jpg 320w, https:\/\/image.jimcdn.com\/app\/cms\/image\/transf\/dimension=451x1024:format=jpg\/path\/sb7a0740e714fa9e8\/image\/i2501657370033762\/version\/1525173647\/image.jpg 451w, https:\/\/image.jimcdn.com\/app\/cms\/image\/transf\/dimension=640x1024:format=jpg\/path\/sb7a0740e714fa9e8\/image\/i2501657370033762\/version\/1525173647\/image.jpg 640w, https:\/\/image.jimcdn.com\/app\/cms\/image\/transf\/dimension=902x1024:format=jpg\/path\/sb7a0740e714fa9e8\/image\/i2501657370033762\/version\/1525173647\/image.jpg 902w\" alt=\"\" data-src-width=\"4898\" data-src-height=\"3017\" data-src=\"https:\/\/image.jimcdn.com\/app\/cms\/image\/transf\/dimension=451x1024:format=jpg\/path\/sb7a0740e714fa9e8\/image\/i2501657370033762\/version\/1525173647\/image.jpg\" data-image-id=\"7412649877\" \/><a title=\"Personnel soignant\" href=\"https:\/\/www.laurewerle.com\/formation\/personnel-de-sant%C3%A9\/\">PERSONNEL SOIGNANT<\/a><\/figure>\n<\/div>\n<div class=\"cc-clear\"><\/div>\n<div><\/div>\n<div><\/div>\n<div><\/div>\n<div><\/div>\n<div><\/div>\n<div><\/div>\n<div><\/div>\n<div><\/div>\n<div><\/div>\n<\/div>\n<\/div><\/div><div id=\"panel-101-1-0-2\" class=\"so-panel widget_sow-editor panel-last-child\" data-index=\"3\" ><div\n\t\t\t\n\t\t\tclass=\"so-widget-sow-editor so-widget-sow-editor-base\"\n\t\t\t\n\t\t>\n<div class=\"siteorigin-widget-tinymce textwidget\">\n\t<div id=\"cc-m-11289774577\" class=\"j-module n j-header \"><\/div>\n<div id=\"cc-m-11353445777\" class=\"j-module n j-textWithImage \">\n<figure class=\"cc-imagewrapper cc-m-image-align-1\">\n<div><\/div>\n<div id=\"cc-m-11353445277\" class=\"j-module n j-textWithImage \">\n<figure><\/figure>\n<figure><\/figure>\n<figure><\/figure>\n<figure><\/figure>\n<figure><\/figure>\n<figure><\/figure>\n<figure class=\"cc-imagewrapper cc-m-image-align-1\"><a href=\"https:\/\/www.laurewerle.com\/formation\/pro-de-la-petite-enfance\/\"><img decoding=\"async\" id=\"cc-m-textwithimage-image-11353445277\" class=\"alignleft\" src=\"https:\/\/image.jimcdn.com\/app\/cms\/image\/transf\/dimension=452x1024:format=jpg\/path\/sb7a0740e714fa9e8\/image\/i2bb92c46f77693ca\/version\/1525201548\/image.jpg\" sizes=\"(min-width: 452px) 452px, 100vw\" srcset=\"https:\/\/image.jimcdn.com\/app\/cms\/image\/transf\/dimension=320x1024:format=jpg\/path\/sb7a0740e714fa9e8\/image\/i2bb92c46f77693ca\/version\/1525201548\/image.jpg 320w, https:\/\/image.jimcdn.com\/app\/cms\/image\/transf\/dimension=452x1024:format=jpg\/path\/sb7a0740e714fa9e8\/image\/i2bb92c46f77693ca\/version\/1525201548\/image.jpg 452w, https:\/\/image.jimcdn.com\/app\/cms\/image\/transf\/dimension=640x1024:format=jpg\/path\/sb7a0740e714fa9e8\/image\/i2bb92c46f77693ca\/version\/1525201548\/image.jpg 640w, https:\/\/image.jimcdn.com\/app\/cms\/image\/transf\/dimension=904x1024:format=jpg\/path\/sb7a0740e714fa9e8\/image\/i2bb92c46f77693ca\/version\/1525201548\/image.jpg 904w\" alt=\"\" data-src-width=\"1920\" data-src-height=\"1151\" data-src=\"https:\/\/image.jimcdn.com\/app\/cms\/image\/transf\/dimension=452x1024:format=jpg\/path\/sb7a0740e714fa9e8\/image\/i2bb92c46f77693ca\/version\/1525201548\/image.jpg\" data-image-id=\"7412649577\" \/><\/a><\/figure>\n<div>\n<div id=\"cc-m-textwithimage-11353445277\" class=\"cc-m-textwithimage-inline-rte\" data-name=\"text\" data-action=\"text\">\n<p><a title=\"Pro de la petite enfance\" href=\"https:\/\/www.laurewerle.com\/formation\/pro-de-la-petite-enfance\/\">PROFESSIONNELS<\/a><\/p>\n<p><a title=\"Pro de la petite enfance\" href=\"https:\/\/www.laurewerle.com\/formation\/pro-de-la-petite-enfance\/\">DE LA PETITE ENFANCE<\/a><\/p>\n<\/div>\n<\/div>\n<\/div>\n<\/figure>\n<\/div>\n<\/div>\n<\/div><\/div><\/div><\/div><\/div>","protected":false},"excerpt":{"rendered":"<p>\u00caTRE LA CLEF Se former, c&#8217;est en fait s&#8217;autoriser. S&#8217;autoriser \u00e0 vivre, faire, \u00eatre. Avec le soutien d&#8217;un groupe, tu retrouves ce qui est d\u00e9j\u00e0 en toi. Je t&#8217;entends : \u00ab Mais, o\u00f9 en moi?\u00bb Justement, c&#8217;est ce qu&#8217;on va voir&#8230; &nbsp; &nbsp; PERSONNEL SOIGNANT PROFESSIONNELS DE LA PETITE ENFANCE<\/p>\n","protected":false},"author":1,"featured_media":0,"parent":0,"menu_order":0,"comment_status":"closed","ping_status":"closed","template":"","meta":{"footnotes":""},"class_list":["post-101","page","type-page","status-publish","hentry","entry","owp-thumbs-layout-horizontal","owp-btn-normal","owp-tabs-layout-horizontal","has-no-thumbnails","has-product-nav"],"_links":{"self":[{"href":"https:\/\/www.laurewerle.oxymore.co\/index.php\/wp-json\/wp\/v2\/pages\/101","targetHints":{"allow":["GET"]}}],"collection":[{"href":"https:\/\/www.laurewerle.oxymore.co\/index.php\/wp-json\/wp\/v2\/pages"}],"about":[{"href":"https:\/\/www.laurewerle.oxymore.co\/index.php\/wp-json\/wp\/v2\/types\/page"}],"author":[{"embeddable":true,"href":"https:\/\/www.laurewerle.oxymore.co\/index.php\/wp-json\/wp\/v2\/users\/1"}],"replies":[{"embeddable":true,"href":"https:\/\/www.laurewerle.oxymore.co\/index.php\/wp-json\/wp\/v2\/comments?post=101"}],"version-history":[{"count":13,"href":"https:\/\/www.laurewerle.oxymore.co\/index.php\/wp-json\/wp\/v2\/pages\/101\/revisions"}],"predecessor-version":[{"id":105,"href":"https:\/\/www.laurewerle.oxymore.co\/index.php\/wp-json\/wp\/v2\/pages\/101\/revisions\/105"}],"wp:attachment":[{"href":"https:\/\/www.laurewerle.oxymore.co\/index.php\/wp-json\/wp\/v2\/media?parent=101"}],"curies":[{"name":"wp","href":"https:\/\/api.w.org\/{rel}","templated":true}]}}