{"id":214,"date":"2022-04-27T14:25:57","date_gmt":"2022-04-27T12:25:57","guid":{"rendered":"http:\/\/www.laurewerle.oxymore.co\/?page_id=214"},"modified":"2022-04-27T14:25:57","modified_gmt":"2022-04-27T12:25:57","slug":"detente-shiatsu","status":"publish","type":"page","link":"https:\/\/www.laurewerle.oxymore.co\/index.php\/detente-shiatsu\/","title":{"rendered":"D\u00e9tente, shiatsu"},"content":{"rendered":"<div id=\"pl-214\"  class=\"panel-layout\" ><div id=\"pg-214-0\"  class=\"panel-grid panel-no-style\" ><div id=\"pgc-214-0-0\"  class=\"panel-grid-cell\" ><div id=\"panel-214-0-0-0\" class=\"so-panel widget_sow-hero panel-first-child\" data-index=\"0\" ><div\n\t\t\t\n\t\t\tclass=\"so-widget-sow-hero so-widget-sow-hero-default-0f01d0903c4e-214 so-widget-fittext-wrapper\"\n\t\t\t data-fit-text-compressor=\"0.85\"\n\t\t>\t\t\t\t<div class=\"sow-slider-base\" style=\"display: none\" tabindex=\"0\">\n\t\t\t\t\t<ul\n\t\t\t\t\tclass=\"sow-slider-images\"\n\t\t\t\t\tdata-settings=\"{&quot;pagination&quot;:true,&quot;speed&quot;:800,&quot;timeout&quot;:8000,&quot;paused&quot;:false,&quot;pause_on_hover&quot;:false,&quot;swipe&quot;:true,&quot;nav_always_show_desktop&quot;:&quot;&quot;,&quot;nav_always_show_mobile&quot;:&quot;&quot;,&quot;breakpoint&quot;:&quot;780px&quot;,&quot;unmute&quot;:false,&quot;anchor&quot;:null}\"\n\t\t\t\t\tstyle=\"min-height: 300px\"\t\t\t\t\tdata-anchor-id=\"\"\n\t\t\t\t>\t\t<li class=\"sow-slider-image  sow-slider-image-cover\" style=\"visibility: visible;;background-color: #333333;background-image: url(https:\/\/www.laurewerle.oxymore.co\/wp-content\/uploads\/2022\/04\/Chat-1.jpg)\" >\n\t\t\t\t\t<div class=\"sow-slider-image-container\">\n\t\t\t<div class=\"sow-slider-image-wrapper\">\n\t\t\t\t\t\t\t<\/div>\n\t\t<\/div>\n\t\t\t\t<\/li>\n\t\t<\/ul>\t\t\t\t<ol class=\"sow-slider-pagination\">\n\t\t\t\t\t\t\t\t\t\t\t<li><a href=\"#\" data-goto=\"0\" aria-label=\"Display slide 1\"><\/a><\/li>\n\t\t\t\t\t\t\t\t\t<\/ol>\n\n\t\t\t\t<div class=\"sow-slide-nav sow-slide-nav-next\">\n\t\t\t\t\t<a href=\"#\" data-goto=\"next\" aria-label=\"Next slide\" data-action=\"next\">\n\t\t\t\t\t\t<em class=\"sow-sld-icon-thin-right\"><\/em>\n\t\t\t\t\t<\/a>\n\t\t\t\t<\/div>\n\n\t\t\t\t<div class=\"sow-slide-nav sow-slide-nav-prev\">\n\t\t\t\t\t<a href=\"#\" data-goto=\"previous\" aria-label=\"Previous slide\" data-action=\"prev\">\n\t\t\t\t\t\t<em class=\"sow-sld-icon-thin-left\"><\/em>\n\t\t\t\t\t<\/a>\n\t\t\t\t<\/div>\n\t\t\t\t<\/div><\/div><\/div><div id=\"panel-214-0-0-1\" class=\"so-panel widget_sow-headline\" data-index=\"1\" ><div\n\t\t\t\n\t\t\tclass=\"so-widget-sow-headline so-widget-sow-headline-default-d6db24c2db75-214\"\n\t\t\t\n\t\t><div class=\"sow-headline-container \">\n\t\t\t\t\t\t\t<h2 class=\"sow-headline\">\n\t\t\t\t\t\tJE ME D\u00c9TENDS...\t\t\t\t\t\t<\/h2>\n\t\t\t\t\t\t\t\t\t\t\t<div class=\"decoration\">\n\t\t\t\t\t\t<div class=\"decoration-inside\"><\/div>\n\t\t\t\t\t<\/div>\n\t\t\t\t\t\t\t\t\t\t\t<h3 class=\"sow-sub-headline\">\n\t\t\t\t\t\tAu milieu des vagues, je reprends mon souffle.\t\t\t\t\t\t<\/h3>\n\t\t\t\t\t\t<\/div>\n<\/div><\/div><div id=\"panel-214-0-0-2\" class=\"so-panel widget_sow-editor panel-last-child\" data-index=\"2\" ><div class=\"panel-widget-style panel-widget-style-for-214-0-0-2\" ><div\n\t\t\t\n\t\t\tclass=\"so-widget-sow-editor so-widget-sow-editor-base\"\n\t\t\t\n\t\t>\n<div class=\"siteorigin-widget-tinymce textwidget\">\n\t<div id=\"cc-m-11355120777\" class=\"j-module n j-text \">\n<p style=\"text-align: center;\">\u00ab<em>Imagine...<\/em><\/p>\n<p style=\"text-align: center;\"><em>Une heure rien que pour toi,<\/em><\/p>\n<p style=\"text-align: center;\"><em>Tout ton corps d\u00e9tendu..<\/em><\/p>\n<p style=\"text-align: center;\"><em>Un moment suspendu.<\/em><\/p>\n<p style=\"text-align: center;\"><em>Go\u00fbter le calme, te ressourcer...<\/em><\/p>\n<p style=\"text-align: center;\"><em>Ressens..<\/em>.\u00bb<\/p>\n<\/div>\n<div id=\"cc-m-11356650677\" class=\"j-module n j-spacing \">\n<div class=\"cc-m-spacer\"><\/div>\n<\/div>\n<div id=\"cc-m-11356528777\" class=\"j-module n j-text \">\n<p>Prendre soin de soi, de son corps, de son \u00e9nergie.<\/p>\n<p>Se donner rendez-vous, avec soi.<\/p>\n<p>Une priorit\u00e9?<\/p>\n<p>&nbsp;<\/p>\n<p>Pour cela, tu peux t'offrir\u00a0 :<\/p>\n<p>- une s\u00e9ance de\u00a0<strong>shiatsu<\/strong>. C'est un massage japonais habill\u00e9, issu de la m\u00e9decine chinoise.<\/p>\n<p>C'est efficace pour apaiser les douleurs : mal de dos, articulations sensibles, migraines, digestion difficile...<\/p>\n<p>C'est aussi efficace pour r\u00e9duire les insomnies.<\/p>\n<p>C'est un tr\u00e8s bon moyen d'entretenir sa sant\u00e9, et de se d\u00e9tendre.<\/p>\n<p>Si tu es enceinte, je suis sp\u00e9cialis\u00e9e dans l'accompagnement de la p\u00e9rinatalit\u00e9. Vois sur cette page :\u00a0<a title=\"Enceinte et sereine\" href=\"..\/enceinte-et-sereine\/index.html\">Enceinte et sereine<\/a>.<\/p>\n<p>&nbsp;<\/p>\n<p>- une s\u00e9ance d<strong>'accompagnement<\/strong><\/p>\n<p>Les maux de notre corps, sont des messages pr\u00e9cieux pour vivre une vie qui nous correspond.<\/p>\n<p>Si tu souhaites approfondir cet aspect, regarde\u00a0<a title=\"J'aime ma Vie!\" href=\"..\/j-aime-ma-vie\/index.html\">J'aime ma vie!<\/a><\/p>\n<p>&nbsp;<\/p>\n<\/div>\n<div id=\"cc-m-11356627877\" class=\"j-module n j-text \">\n<p>Dur\u00e9e des s\u00e9ances\u00a0 : 1heure<\/p>\n<p>Co\u00fbt :\u00a0 \u00a0 \u00a0 \u00a0 \u00a0 \u00a0 \u00a0 \u00a0 \u00a0 \u00a0 \u00a0 \u00a0 \u00a0 \u00a080 euros<\/p>\n<p>&nbsp;<\/p>\n<\/div>\n<div id=\"cc-m-11356635577\" class=\"j-module n j-callToAction \">\n<div class=\"j-calltoaction-wrapper j-calltoaction-align-1\"><a class=\"j-calltoaction-link j-calltoaction-link-style-1\" href=\"..\/..\/contact\/index.html\" data-action=\"button\" data-title=\"Je prends rdv!\">Je prends rdv!<\/a><\/div>\n<\/div>\n<div id=\"cc-m-11579294877\" class=\"j-module n j-spacing \">\n<div class=\"cc-m-spacer\"><\/div>\n<\/div>\n<div id=\"cc-m-11579025477\" class=\"j-module n j-text \">\n<p><strong>Ils en parlent...<\/strong><\/p>\n<\/div>\n<div id=\"cc-m-11579290177\" class=\"j-module n j-text \">\n<p><strong>Anne-Marie, 72 ans<\/strong><\/p>\n<p>\u00abJe me suis int\u00e9ress\u00e9e au Shiatsu car c'est une fa\u00e7on globale de soigner le corps.<\/p>\n<p>J'ai des\u00a0<strong>soucis de dos et surtout de genoux<\/strong>\u00a0et l\u2019ost\u00e9opathie ne me soulageait que de fa\u00e7on br\u00e8ve. J'ai finalement demand\u00e9 un rendez-vous \u00e0 Laure Werl\u00e9.<\/p>\n<p>J'ai beaucoup appr\u00e9ci\u00e9 le contact avec Mme Werl\u00e9 : \u00e9coute tr\u00e8s attentive, questions br\u00e8ves et claires. La premi\u00e8re s\u00e9ance m'a permis de d\u00e9couvrir un doigt\u00e9 fin, pr\u00e9cis . Elle parcourait mon corps avec l\u00e9g\u00e8ret\u00e9 et en m\u00eame temps je ressentais profond\u00e9ment des r\u00e9actions insoup\u00e7onn\u00e9es :\u00a0je pouvais suive un trajet le long des membres, mes doigts qui bougeaient sans\u00a0intention \u00a0de ma part,et le soir en rentrant chez moi,\u00a0j'\u00e9tais sensible \u00e0 tout mon\u00a0squelette;<\/p>\n<p>En plus, j'ai \u00e9t\u00e9 tr\u00e8s \u00e9tonn\u00e9e de la\u00a0<strong>d\u00e9tente et de la l\u00e9g\u00e8ret\u00e9<\/strong>\u00a0que je vivais apr\u00e8s chaque s\u00e9ance. Une\u00a0<strong>joie<\/strong>\u00a0aussi comme si toute lourdeur s'\u00e9tait estomp\u00e9e. J'ai \u00e9t\u00e9 tr\u00e8s surprise par\u00a0cette d\u00e9couverte : un soin global de tout l'\u00eatre<\/p>\n<p>Chaque s\u00e9ance est diff\u00e9rente, c'est un voyage \u00e9veill\u00e9 \u00e0 l'int\u00e9rieur de soi.<\/p>\n<p>Apr\u00e8s quelques s\u00e9ances,\u00a0<strong>mes genoux vont bien mieux<\/strong>. J'ai retrouv\u00e9 de l'<strong>assurance<\/strong>, de l'<strong>\u00e9quilibre<\/strong>\u00a0et un\u00a0<strong>oubli de mes douleurs<\/strong>! le moral va mieux aussi.<\/p>\n<p>Mme Werl\u00e9 est une personne attentive, bienveillante , humaine avec qui je me sens en confiance.Je vais \u00e0 chacun des rendez vous avec du plaisir tant ce qu'elle m'apporte me redonne une sant\u00e9 physique et mentale qui me r\u00e9jouit.<\/p>\n<p>Mme Werl\u00e9 est s\u00e9rieuse, professionnelle et disponible.\u00bb<\/p>\n<\/div>\n<div id=\"cc-m-11579512477\" class=\"j-module n j-text \">\n<p>&nbsp;<\/p>\n<p><strong>Sabine, 38 ans<\/strong><\/p>\n<p dir=\"ltr\">J'ai d'abord consult\u00e9 pour des s\u00e9ances de shiatsu puis pour du reiki en alternance. J'ai d\u00e9cid\u00e9 d'essayer ces m\u00e9decines douces pour me relaxer, me d\u00e9tendre et aussi pour r\u00e9gler des\u00a0<strong>douleurs intercostales<\/strong>, des\u00a0<strong>migraines<\/strong>, des probl\u00e8mes de\u00a0<strong>digestion<\/strong>\u00a0, de l'<strong>anxi\u00e9t\u00e9<\/strong>\u00a0suite \u00e0 un\u00a0<strong>burn out<\/strong>!<br \/>\nCes 2 moyens m'ont apport\u00e9 de la\u00a0<strong>s\u00e9r\u00e9nit\u00e9<\/strong>, une\u00a0<strong>meilleure \u00e9nergie<\/strong>\u00a0,\u00a0<strong>un rel\u00e2chement<\/strong>, une\u00a0<strong>meilleure vitalit\u00e9<\/strong>, une\u00a0<strong>disparition des douleurs<\/strong>\u00a0!<\/p>\n<p dir=\"ltr\">Ils ont permis une\u00a0<strong>connexion entre le mental et le corps<\/strong>\u00a0et une certaine harmonie entre les 2.<\/p>\n<p dir=\"ltr\">J'\u00e9tais surprise que pendant la s\u00e9ance , j'\u00e9tais limite endormie et apais\u00e9e ! Aussit\u00f4t j'\u00e9prouve une nouvelle \u00e9nergie comme si tous les soucis avaient disparu !<\/p>\n<p dir=\"ltr\">Tu apportes une nouvelle dimension \u00e0 la vie !<\/p>\n<p dir=\"ltr\">Tu apportes un apaisement et une force int\u00e9rieure.<\/p>\n<p dir=\"ltr\">Je te d\u00e9cris comme bienveillante, sinc\u00e8re et \u00e0 l'\u00e9coute !<\/p>\n<\/div>\n<div id=\"cc-m-11583522077\" class=\"j-module n j-text \">\n<p>&nbsp;<\/p>\n<p><strong>Olivier, 48 ans<\/strong><\/p>\n<p>\u00abCe qui m'a amen\u00e9 \u00e0 venir voir Laure, est une\u00a0<strong>douleur d'\u00e9paule<\/strong>, qui va et vient sans raison. Une\u00a0<strong>douleur lancinante<\/strong>\u00a0dont je n'arrivais pas \u00e0 me d\u00e9barrasser.<br \/>\nLe premier r\u00e9sultat est la\u00a0<strong>disparition de la douleur<\/strong>, mais ce qui me paraissait \u00eatre la raison de ma venue n'est rien compar\u00e9 \u00e0 la\u00a0<strong>lib\u00e9ration du corps<\/strong>\u00a0qui a accompagn\u00e9 ce bien-\u00eatre. La\u00a0<strong>prise de conscience de la raison<\/strong>\u00a0et l'existence du mal en lui m\u00eame est bien plus important. Laure ne m'a pas lib\u00e9r\u00e9 des sympt\u00f4mes mais surtout par des questions simples et douces m'a permis d'en\u00a0<strong>comprendre la cause pour que je puisse me lib\u00e9rer moi m\u00eame de l'\u00e9motion<\/strong>, de l'histoire qui a tout d\u00e9clench\u00e9, pour faire simple, la cause du trouble.<br \/>\nJ'ai compris qu'avec\u00a0<strong>douceur, \u00e9coute et bienveillance<\/strong>, sans s'opposer ou r\u00e9sister, l'\u00e9coute de soi est lib\u00e9rateur, se poser les bonnes questions de mani\u00e8re simple et aimante. Ce qui est le plus \u00e9tonnant est la\u00a0<strong>simplicit\u00e9<\/strong>\u00a0d'approche et de technique. Cette\u00a0<strong>justesse<\/strong>\u00a0que cette pr\u00e9sence aimante, enveloppante peut amener, entra\u00eenant ainsi un soulagement rapide pour la personne qui vient \u00e0 la rencontre de Laure.<\/p>\n<p>Laure propose une pr\u00e9sence douce, aimante, lumineuse, un accompagnement juste et sinc\u00e8re. Une\u00a0<strong>r\u00e9ponse adapt\u00e9e \u00e0 chacun<\/strong>, juste ce qu'il faut pour se lib\u00e9rer, comprendre ou juste l\u00e2cher prise au choix en fonction de son ressenti et de ce a quoi j'aspire.<\/p>\n<p>En 3 mots : Belle d'\u00e2me, grande pr\u00e9sence aimante, douceur.<\/p>\n<\/div>\n<div id=\"cc-m-11579025577\" class=\"j-module n j-text \">\n<p>&nbsp;<\/p>\n<p><strong>Philippe, 45 ans<br \/>\n<\/strong><\/p>\n<p>\u00abJ'\u00e9tais int\u00e9ress\u00e9 par les massages shiatsu depuis plusieurs ann\u00e9es. J'ai notamment suivi des cours \u00e0 l'universit\u00e9 populaire de Strasbourg. Chaque s\u00e9ance de shiatsu est pour moi d'abord d'un moment\u00a0de\u00a0<strong>d\u00e9tente et de relaxation<\/strong>\u00a0qui me permet d'\u00eatre plus \u00e0 l'\u00e9coute de mon corps et de l\u00e2cher prise. \u00c7a m'apporte une sensation agr\u00e9able de\u00a0<strong>s\u00e9r\u00e9nit\u00e9<\/strong>\u00a0et de bien \u00eatre tr\u00e8s relaxante<\/p>\n<div>\u00a0Vous d\u00e9gagez une \u00e9nergie positive qui r\u00e9chauffe, d\u00e9tend et apaise.<\/div>\n<div>Douceur,\u00a0force, s\u00e9r\u00e9nit\u00e9 ...\u00bb<\/div>\n<\/div>\n<div id=\"cc-m-11579027977\" class=\"j-module n j-spacing \">\n<div class=\"cc-m-spacer\"><\/div>\n<\/div>\n<div id=\"cc-m-11579026577\" class=\"j-module n j-text \">\n<p><strong>Matthieu, 54 ans<br \/>\n<\/strong><\/p>\n<p>\u00ab\u00a0D'un point de vue physiologique, je constate des\u00a0<strong>att\u00e9nuations de douleurs<\/strong>\u00a0et\u00a0<strong>plus de souplesse<\/strong>. D'un point de vue mental,\u00a0Je note un recul certain de ma m\u00e9fiance.<br \/>\nCe qui me surprend, c'est la rigueur chaleureuse de l'accueil, quelque soit la \"m\u00e9t\u00e9o\". Et pendant la s\u00e9ance je d\u00e9couvre des connexions internes, des volumes insoup\u00e7onn\u00e9s...\u00bb<\/p>\n<\/div>\n<div id=\"cc-m-11579293677\" class=\"j-module n j-callToAction \">\n<div class=\"j-calltoaction-wrapper j-calltoaction-align-1\"><a class=\"j-calltoaction-link j-calltoaction-link-style-1\" href=\"https:\/\/oxymore.co\/prendre-rendez-vous\/\" data-action=\"button\" data-title=\"Je prends rdv!\">Je prends rdv!<\/a><\/div>\n<\/div>\n<div id=\"cc-m-11521596177\" class=\"j-module n j-spacing \">\n<div class=\"cc-m-spacer\"><\/div>\n<\/div>\n<div id=\"cc-m-11521596077\" class=\"j-module n j-text \">\n<p>Nota : Les massages propos\u00e9s sur ce site ne comportent aucun caract\u00e8re m\u00e9dical et\/ou th\u00e9rapeutique<\/p>\n<\/div>\n<\/div>\n<\/div><\/div><\/div><\/div><\/div><\/div>","protected":false},"excerpt":{"rendered":"<p>\u00abImagine&#8230; Une heure rien que pour toi, Tout ton corps d\u00e9tendu.. Un moment suspendu. Go\u00fbter le calme, te ressourcer&#8230; Ressens&#8230;\u00bb Prendre soin de soi, de son corps, de son \u00e9nergie. Se donner rendez-vous, avec soi. Une priorit\u00e9? &nbsp; Pour cela, tu peux t&#8217;offrir\u00a0 : &#8211; une s\u00e9ance de\u00a0shiatsu. C&#8217;est un massage japonais habill\u00e9, issu de [&hellip;]<\/p>\n","protected":false},"author":1,"featured_media":0,"parent":0,"menu_order":0,"comment_status":"closed","ping_status":"closed","template":"","meta":{"footnotes":""},"class_list":["post-214","page","type-page","status-publish","hentry","entry","owp-thumbs-layout-horizontal","owp-btn-normal","owp-tabs-layout-horizontal","has-no-thumbnails","has-product-nav"],"_links":{"self":[{"href":"https:\/\/www.laurewerle.oxymore.co\/index.php\/wp-json\/wp\/v2\/pages\/214","targetHints":{"allow":["GET"]}}],"collection":[{"href":"https:\/\/www.laurewerle.oxymore.co\/index.php\/wp-json\/wp\/v2\/pages"}],"about":[{"href":"https:\/\/www.laurewerle.oxymore.co\/index.php\/wp-json\/wp\/v2\/types\/page"}],"author":[{"embeddable":true,"href":"https:\/\/www.laurewerle.oxymore.co\/index.php\/wp-json\/wp\/v2\/users\/1"}],"replies":[{"embeddable":true,"href":"https:\/\/www.laurewerle.oxymore.co\/index.php\/wp-json\/wp\/v2\/comments?post=214"}],"version-history":[{"count":8,"href":"https:\/\/www.laurewerle.oxymore.co\/index.php\/wp-json\/wp\/v2\/pages\/214\/revisions"}],"predecessor-version":[{"id":222,"href":"https:\/\/www.laurewerle.oxymore.co\/index.php\/wp-json\/wp\/v2\/pages\/214\/revisions\/222"}],"wp:attachment":[{"href":"https:\/\/www.laurewerle.oxymore.co\/index.php\/wp-json\/wp\/v2\/media?parent=214"}],"curies":[{"name":"wp","href":"https:\/\/api.w.org\/{rel}","templated":true}]}}