{"id":228,"date":"2022-04-27T14:35:41","date_gmt":"2022-04-27T12:35:41","guid":{"rendered":"http:\/\/www.laurewerle.oxymore.co\/?page_id=228"},"modified":"2022-04-27T15:20:30","modified_gmt":"2022-04-27T13:20:30","slug":"etre-femme-aujourdhui","status":"publish","type":"page","link":"https:\/\/www.laurewerle.oxymore.co\/index.php\/etre-femme-aujourdhui\/","title":{"rendered":"Etre femme aujourd&#8217;hui"},"content":{"rendered":"<div id=\"pl-228\"  class=\"panel-layout\" ><div id=\"pg-228-0\"  class=\"panel-grid panel-has-style\" ><div class=\"panel-row-style panel-row-style-for-228-0\" ><div id=\"pgc-228-0-0\"  class=\"panel-grid-cell\" ><div id=\"panel-228-0-0-0\" class=\"so-panel widget_sow-editor panel-first-child\" data-index=\"0\" ><div\n\t\t\t\n\t\t\tclass=\"so-widget-sow-editor so-widget-sow-editor-base\"\n\t\t\t\n\t\t>\n<div class=\"siteorigin-widget-tinymce textwidget\">\n\t<p><strong>Comment vivre chaque jour en \u00e9tant 100% toi-m\u00eame\u00a0?\u00a0\u00a0Incarner pleinement ce que tu aimes vivre, sans plus te conformer, t\u2019oublier, te nier\u00a0?<\/strong><\/p>\n<p>Quand je regarde mon pass\u00e9 et beaucoup de femmes que j\u2019accompagne au quotidien, je suis stup\u00e9faite de la fa\u00e7on dont beaucoup d\u2019entre nous sommes capables de se faire passer au second plan pour plaire \u00e0 leur conjoint, \u00e0 leur boss, \u00e0 leurs enfants. Pour quoi\u00a0? Pour fuir la peur du rejet, avoir l\u2019impression d\u2019\u00eatre aim\u00e9e, reconnue,\u2026<\/p>\n<p>Tu es bien plus qu\u2019un \u00eatre venu se fondre dans des attentes ext\u00e9rieures.\u00a0<strong>Tu es l\u00e0 pour incarner la magnifique femme que tu es, digne et unique<\/strong>. Tu es l\u00e0 pour sortir du moule (celui-l\u00e0 m\u00eame qui nous fait sinon devenir tartes), jouir de la vie et vivre ce qui t\u2019anime dans tous les domaines de ta vie. Oui, tous.<\/p>\n<h3 data-action=\"header\" data-name=\"header\">Comment\u00a0?<\/h3>\n<p><strong>Comment sortir des clich\u00e9s sur ce qu\u2019est \u00eatre une femme alors qu\u2019on se soumet depuis des si\u00e8cles \u2013 et jusqu\u2019\u00e0 aujourd\u2019hui- \u00e0 des crit\u00e8res sociaux\u00a0? Comment se sentir bien dans son corps et dans sa vie quand les (auto)- jugements sur soi sont l\u00e9gion\u00a0?<\/strong><\/p>\n<\/div>\n<\/div><\/div><div id=\"panel-228-0-0-1\" class=\"so-panel widget_sow-image\" data-index=\"1\" ><div\n\t\t\t\n\t\t\tclass=\"so-widget-sow-image so-widget-sow-image-default-8b5b6f678277-228\"\n\t\t\t\n\t\t>\n<div class=\"sow-image-container\">\n\t\t<img \n\tsrc=\"https:\/\/www.laurewerle.oxymore.co\/wp-content\/uploads\/2022\/04\/Femme-priere-1.jpg\" width=\"470\" height=\"589\" srcset=\"https:\/\/www.laurewerle.oxymore.co\/wp-content\/uploads\/2022\/04\/Femme-priere-1.jpg 470w, https:\/\/www.laurewerle.oxymore.co\/wp-content\/uploads\/2022\/04\/Femme-priere-1-239x300.jpg 239w\" sizes=\"(max-width: 470px) 100vw, 470px\" title=\"Femme pri\u00e8re\" alt=\"\" \t\tclass=\"so-widget-image\"\/>\n\t<\/div>\n\n<\/div><\/div><div id=\"panel-228-0-0-2\" class=\"so-panel widget_sow-editor\" data-index=\"2\" ><div\n\t\t\t\n\t\t\tclass=\"so-widget-sow-editor so-widget-sow-editor-base\"\n\t\t\t\n\t\t>\n<div class=\"siteorigin-widget-tinymce textwidget\">\n\t<p style=\"font-weight: 400;\"><strong>ON S'\u00c9COUTE!<\/strong><\/p>\n<p style=\"font-weight: 400;\">\n<strong>On \u00e9coute d\u2019abord son cycle<\/strong>. Oui, ces changements \u00e9motionnels et physiques qui nous font parfois pester chaque mois. Notre cycle est un tr\u00e9sor. Il est ce qui fait de nous des femmes, enti\u00e8res, multiples, changeantes, vibrantes. En apprenant \u00e0 le connaitre, et \u00e0 se laisser guider par lui, nous gagnons en \u00e9nergie, en\u00a0\u00a0puissance. Les douleurs s\u2019att\u00e9nuent, et les variations\u00a0\u00a0nous guident tr\u00e8s intelligemment.<\/p>\n<p style=\"font-weight: 400;\">\n<p style=\"font-weight: 400;\"><strong>On \u00e9coute son corps, ses sens<br \/>\n<\/strong>Pr\u00eater attention \u00e0 sa peau, aux go\u00fbts, aux formes et aux couleurs,\u00a0\u00a0aux odeurs, aux rythmes et aux m\u00e9lodies, aux harmonies, aux silences\u2026 Sensorialit\u00e9, et sensualit\u00e9. Les sens nous mettent en contact avec notre r\u00e9alit\u00e9, avec ce qui est, avant toute pens\u00e9e, tout jugement. Y \u00eatre attentive, c\u2019est exister.<\/p>\n<p style=\"font-weight: 400;\">\n<p style=\"font-weight: 400;\"><strong>On \u00e9coute ses \u00e9motions<br \/>\n<\/strong>Nos \u00e9motions sont un langage dont nous avons perdu le sens. Une sagesse longtemps oubli\u00e9e, souvent \u00e9touff\u00e9e, et peu exprim\u00e9e, qui pour se faire entendre va crier dans notre corps. Et pourtant, chaque \u00e9motion est un puissant message \u00e0 laisser se r\u00e9v\u00e9ler, une invitation \u00e0 retrouver une croyance erron\u00e9e sur laquelle nous avons b\u00e2ti notre existence. Une fois l\u2019\u00e9chelle des \u00e9motions remont\u00e9e, et l\u2019acte adulte pos\u00e9, c\u2019est l\u2019exp\u00e9rience de la paix qui peut se manifester.<\/p>\n<p style=\"font-weight: 400;\">\n<p style=\"font-weight: 400;\"><strong>On \u00e9coute ses d\u00e9sirs, ses envies.<\/strong><br \/>\nEn remettant notre d\u00e9sir et nos envies \u00e0 la premi\u00e8re place, nous retrouvons notre moteur int\u00e9rieur. Moteur qui a \u00e9t\u00e9 soigneusement \u00e9teint \u00e0 coup de d\u00e9vouement pour les autres. Est-ce devenir \u00e9go\u00efste\u00a0? Non! C\u2019est commencer \u00e0 s\u2019aimer et \u00e0 se respecter. Que veux-tu donner aux autres que tu n\u2019as pas d\u00e9j\u00e0 pour toi\u00a0? Cette ancienne fa\u00e7on de faire est le meilleur moyen pour se vider. Commencer par soi, c\u2019est toucher les autres de la plus belle fa\u00e7on\u00a0: en rayonnant.<\/p>\n<p style=\"font-weight: 400;\">\n<p style=\"font-weight: 400;\"><strong>On \u00e9coute son intuition.<\/strong><br \/>\nNous avons bien appris d\u00e8s notre plus petite enfance, des r\u00e8gles, des connaissances, des techniques, des protocoles, des recettes de cuisine (tous domaines confondus), des mani\u00e8res de penser, d\u2019agir, de bien se conduire, d\u2019\u00eatre gentille\u2026 Bref, de mourir. Si un cadre est n\u00e9cessaire, celui-ci doit nous permettre ensuite de danser, de cr\u00e9er, de vivre, de jouer, de rire,\u00a0\u00a0sans attente de r\u00e9sultat. En faisant ce qui nous traverse dans l\u2019instant, dans une intention claire, l\u2019action pos\u00e9e se r\u00e9v\u00e8le \u00eatre ce qu\u2019il y a de plus juste. Et ce sans perte de temps et d\u2019\u00e9nergie.<\/p>\n<\/div>\n<\/div><\/div><div id=\"panel-228-0-0-3\" class=\"so-panel widget_sow-image\" data-index=\"3\" ><div\n\t\t\t\n\t\t\tclass=\"so-widget-sow-image so-widget-sow-image-default-8b5b6f678277-228\"\n\t\t\t\n\t\t>\n<div class=\"sow-image-container\">\n\t\t<img \n\tsrc=\"https:\/\/www.laurewerle.oxymore.co\/wp-content\/uploads\/2022\/04\/Femme-rouge-1.jpg\" width=\"319\" height=\"567\" srcset=\"https:\/\/www.laurewerle.oxymore.co\/wp-content\/uploads\/2022\/04\/Femme-rouge-1.jpg 319w, https:\/\/www.laurewerle.oxymore.co\/wp-content\/uploads\/2022\/04\/Femme-rouge-1-169x300.jpg 169w\" sizes=\"(max-width: 319px) 100vw, 319px\" title=\"Femme rouge\" alt=\"\" \t\tclass=\"so-widget-image\"\/>\n\t<\/div>\n\n<\/div><\/div><div id=\"panel-228-0-0-4\" class=\"so-panel widget_sow-editor panel-last-child\" data-index=\"4\" ><div\n\t\t\t\n\t\t\tclass=\"so-widget-sow-editor so-widget-sow-editor-base\"\n\t\t\t\n\t\t>\n<div class=\"siteorigin-widget-tinymce textwidget\">\n\t<p><strong>\u00abDepuis que j\u2019ai choisi cette voie, ma vie s\u2019est progressivement transform\u00e9e.\u00bb<\/strong><\/p>\n<p>Voici ce qu\u2019elle contribue \u00e0 apporter\u00a0:<\/p>\n<p>&nbsp;<\/p>\n<p><strong>Un gain d\u2019\u00e9nergie<\/strong>\u00a0et de c<strong>onfiance en soi<\/strong>, chaque jour<\/p>\n<p><strong>\u00catre plus efficace dans son travail<\/strong>\u00a0et la gestion de ses projets professionnels.<\/p>\n<p><strong>\u00catre en paix avec soi<\/strong>, son corps, ses \u00abd\u00e9fauts\u00bb<\/p>\n<p><strong>Une relation avec son compagnon<\/strong>\u00a0<strong>complice<\/strong>, plus d\u2019\u00e9changes et une intimit\u00e9\u00a0<strong>nourrissante<\/strong><\/p>\n<p><strong>Une\u00a0\u00a0relation avec ses enfants<\/strong>\u00a0chang\u00e9e et bien\u00a0<strong>plus fluide<\/strong>.<\/p>\n<p>&nbsp;<\/p>\n<p><strong>POUR CELA : \u00caTRE SOI suffit!<\/strong><\/p>\n<p>J\u2019ai mis pas mal d\u2019ann\u00e9es \u00e0 int\u00e9grer tout \u00e7a. Et j\u2019enviais aussi ceux et celles qui y parvenaient\u2026\u00a0\u00a0Maintenant, je vis comme cela, je choisi de l\u00e2cher mes anciennes peurs et croyances, de jouir de la vie et d\u2019en voir tous ses cadeaux.<\/p>\n<p>&nbsp;<\/p>\n<p><strong>J\u2019ai envie de partager avec chacune ce que je sais, ce que je sens, ce que j\u2019exp\u00e9rimente.<\/strong><br \/>\nLors d'accompagnements individuels, de cercles de femmes, d'ateliers cr\u00e9atifs, m\u00e9ditations, mise en mouvement, actes symboliques....<\/p>\n<p>Si tu es int\u00e9ress\u00e9e, \u00e9changeons ensemble :<\/p>\n<p><a href=\"http:\/\/www.laurewerle.oxymore.co\/index.php\/contact-2\/\" data-action=\"button\" data-title=\"Je prends contact!\">Je prends contact!<\/a><\/p>\n<\/div>\n<\/div><\/div><\/div><\/div><\/div><\/div>","protected":false},"excerpt":{"rendered":"<p>Comment vivre chaque jour en \u00e9tant 100% toi-m\u00eame\u00a0?\u00a0\u00a0Incarner pleinement ce que tu aimes vivre, sans plus te conformer, t\u2019oublier, te nier\u00a0? Quand je regarde mon pass\u00e9 et beaucoup de femmes que j\u2019accompagne au quotidien, je suis stup\u00e9faite de la fa\u00e7on dont beaucoup d\u2019entre nous sommes capables de se faire passer au second plan pour plaire [&hellip;]<\/p>\n","protected":false},"author":1,"featured_media":0,"parent":0,"menu_order":0,"comment_status":"closed","ping_status":"closed","template":"","meta":{"footnotes":""},"class_list":["post-228","page","type-page","status-publish","hentry","entry","owp-thumbs-layout-horizontal","owp-btn-normal","owp-tabs-layout-horizontal","has-no-thumbnails","has-product-nav"],"_links":{"self":[{"href":"https:\/\/www.laurewerle.oxymore.co\/index.php\/wp-json\/wp\/v2\/pages\/228","targetHints":{"allow":["GET"]}}],"collection":[{"href":"https:\/\/www.laurewerle.oxymore.co\/index.php\/wp-json\/wp\/v2\/pages"}],"about":[{"href":"https:\/\/www.laurewerle.oxymore.co\/index.php\/wp-json\/wp\/v2\/types\/page"}],"author":[{"embeddable":true,"href":"https:\/\/www.laurewerle.oxymore.co\/index.php\/wp-json\/wp\/v2\/users\/1"}],"replies":[{"embeddable":true,"href":"https:\/\/www.laurewerle.oxymore.co\/index.php\/wp-json\/wp\/v2\/comments?post=228"}],"version-history":[{"count":9,"href":"https:\/\/www.laurewerle.oxymore.co\/index.php\/wp-json\/wp\/v2\/pages\/228\/revisions"}],"predecessor-version":[{"id":233,"href":"https:\/\/www.laurewerle.oxymore.co\/index.php\/wp-json\/wp\/v2\/pages\/228\/revisions\/233"}],"wp:attachment":[{"href":"https:\/\/www.laurewerle.oxymore.co\/index.php\/wp-json\/wp\/v2\/media?parent=228"}],"curies":[{"name":"wp","href":"https:\/\/api.w.org\/{rel}","templated":true}]}}