{"id":90,"date":"2022-04-22T00:07:35","date_gmt":"2022-04-21T22:07:35","guid":{"rendered":"http:\/\/www.laurewerle.oxymore.co\/?page_id=90"},"modified":"2022-09-29T16:06:20","modified_gmt":"2022-09-29T14:06:20","slug":"cercle-de-femmes","status":"publish","type":"page","link":"https:\/\/www.laurewerle.oxymore.co\/index.php\/cercle-de-femmes\/","title":{"rendered":"cercle de femmes"},"content":{"rendered":"<div id=\"pl-gb90-69e4c4b5f2da6\"  class=\"panel-layout\" ><div id=\"pg-gb90-69e4c4b5f2da6-0\"  class=\"panel-grid panel-no-style\" ><div id=\"pgc-gb90-69e4c4b5f2da6-0-0\"  class=\"panel-grid-cell\" ><div id=\"panel-gb90-69e4c4b5f2da6-0-0-0\" class=\"so-panel widget_sow-hero panel-first-child\" data-index=\"0\" ><div\n\t\t\t\n\t\t\tclass=\"so-widget-sow-hero so-widget-sow-hero-default-7421e2ff6695-90 so-widget-fittext-wrapper\"\n\t\t\t data-fit-text-compressor=\"0.85\"\n\t\t>\t\t\t\t<div class=\"sow-slider-base\" style=\"display: none\" tabindex=\"0\">\n\t\t\t\t\t<ul\n\t\t\t\t\tclass=\"sow-slider-images\"\n\t\t\t\t\tdata-settings=\"{&quot;pagination&quot;:true,&quot;speed&quot;:800,&quot;timeout&quot;:8000,&quot;paused&quot;:false,&quot;pause_on_hover&quot;:false,&quot;swipe&quot;:true,&quot;nav_always_show_desktop&quot;:&quot;&quot;,&quot;nav_always_show_mobile&quot;:&quot;&quot;,&quot;breakpoint&quot;:&quot;780px&quot;,&quot;unmute&quot;:false,&quot;anchor&quot;:null}\"\n\t\t\t\t\tstyle=\"min-height: 400px\"\t\t\t\t\tdata-anchor-id=\"\"\n\t\t\t\t>\t\t<li class=\"sow-slider-image  sow-slider-image-cover\" style=\"visibility: visible;;background-color: #333333;background-image: url(https:\/\/www.laurewerle.oxymore.co\/wp-content\/uploads\/2022\/04\/Femmes.jpg)\" >\n\t\t\t\t\t<div class=\"sow-slider-image-container\">\n\t\t\t<div class=\"sow-slider-image-wrapper\">\n\t\t\t\t\t\t\t<\/div>\n\t\t<\/div>\n\t\t\t\t<\/li>\n\t\t<\/ul>\t\t\t\t<ol class=\"sow-slider-pagination\">\n\t\t\t\t\t\t\t\t\t\t\t<li><a href=\"#\" data-goto=\"0\" aria-label=\"Display slide 1\"><\/a><\/li>\n\t\t\t\t\t\t\t\t\t<\/ol>\n\n\t\t\t\t<div class=\"sow-slide-nav sow-slide-nav-next\">\n\t\t\t\t\t<a href=\"#\" data-goto=\"next\" aria-label=\"Next slide\" data-action=\"next\">\n\t\t\t\t\t\t<em class=\"sow-sld-icon-thin-right\"><\/em>\n\t\t\t\t\t<\/a>\n\t\t\t\t<\/div>\n\n\t\t\t\t<div class=\"sow-slide-nav sow-slide-nav-prev\">\n\t\t\t\t\t<a href=\"#\" data-goto=\"previous\" aria-label=\"Previous slide\" data-action=\"prev\">\n\t\t\t\t\t\t<em class=\"sow-sld-icon-thin-left\"><\/em>\n\t\t\t\t\t<\/a>\n\t\t\t\t<\/div>\n\t\t\t\t<\/div><\/div><\/div><div id=\"panel-gb90-69e4c4b5f2da6-0-0-1\" class=\"so-panel widget_sow-editor panel-last-child\" data-index=\"1\" ><div class=\"panel-widget-style panel-widget-style-for-gb90-69e4c4b5f2da6-0-0-1\" ><div\n\t\t\t\n\t\t\tclass=\"so-widget-sow-editor so-widget-sow-editor-base\"\n\t\t\t\n\t\t>\n<div class=\"siteorigin-widget-tinymce textwidget\">\n\t<h1 id=\"cc-m-header-11289814077\" class=\"\" style=\"text-align: center;\">CERCLE DE FEMMES<\/h1>\n<p style=\"text-align: center;\"><span style=\"color: #ff0000;\"><b><i>\u00ab\u00a0Quand les femmes \u00e9taient des oiseaux,<br \/>\nElles savaient que chanter<br \/>\n\u00e0 l\u2019aube et au cr\u00e9puscule<br \/>\ngu\u00e9rissait le Monde par la Joie.<br \/>\nLes oiseaux se souviennent encore<br \/>\nde ce que nous avons oubli\u00e9.<br \/>\nIls savent que le Monde doit \u00eatre c\u00e9l\u00e9br\u00e9\u00a0!\u00a0\u00bb<\/i><\/b><\/span><\/p>\n<p style=\"font-weight: 300; text-align: center;\"><b><strong>Le Monde est fou.<\/strong><\/b>\u00a0Plus rien ne tourne rond. Tout est sens dessus dessous.<br \/>\n<b><strong><br \/>\n<\/strong><\/b><\/p>\n<p style=\"font-weight: 300; text-align: center;\"><b><strong>Au c\u0153ur de cette pagaille, des femmes se retrouvent,<\/strong><\/b>\u00a0le c\u0153ur allum\u00e9, la bont\u00e9 en drapeau. De tous \u00e2ges, elles se rassemblent pour \u00e9changer, partager, transmettre leur sagesse int\u00e9rieure. Ensemble, \u00e0 la lumi\u00e8re des bougies, \u00e0 la chaleur de leurs c\u0153urs, elles font monter un chuchotement, une vibration, un chant, une danse, un rayonnement, une pleine expansion de Vie et de Joie\u00a0!<b><\/b><\/p>\n<p><strong>L\u2019ann\u00e9e 2020-2021 est plac\u00e9e sous le signe de l\u2019\u00c9jouissance\u00a0!<\/strong>\u00a0C\u2019est de cette Joie profonde que na\u00eet la Vie\u00a0! Entre dans la ronde, et viens partager ta danse, entre sagesse, c\u00e9l\u00e9bration et folie\u00a0!<\/p>\n<p>&nbsp;<\/p>\n<p>Je te propose de lire mon article \u00ab\u00a0<a href=\"http:\/\/www.laurewerle.oxymore.co\/index.php\/etre-femme-aujourdhui\/\">\u00catre Femme, aujourd&#8217;hui<\/a>\u00bb<\/p>\n<p><strong>Lieu<\/strong> : Oxymore, 9 rue Gouvion Saint Cyr \u00e0 Berstheim.<\/p>\n<p>&nbsp;<\/p>\n<p>&nbsp;<\/p>\n<p><strong>Co\u00fbt<\/strong>\u00a0:\u00a0 \u00a0 \u00a0 \u00a0 \u00a0 \u00a0 \u00a0 \u00a0 \u00a0 \u00a0 \u00a0 \u00a0 \u00a0 \u00a0 \u00a0 \u00a0 \u00a0 \u00a0 \u00a0 \u00a0 \u00a0 \u00a0 \u00a0 \u00a0 \u00a0Valeur : 30 euros &gt;&gt;<strong>Offert<\/strong><br \/>\nI<a href=\"http:\/\/www.laurewerle.oxymore.co\/index.php\/contact-2\/\">nscription indispensable<\/a>, places limit\u00e9es<\/p>\n<p>Chacune am\u00e8ne sa pr\u00e9cieuse et inestimable pr\u00e9sence.<\/p>\n<p>Aussi, si tu peux d\u00e9couvrir, en s\u00e9ance individuelle,\u00a0 un merveilleux\u00a0<a href=\"http:\/\/www.laurewerle.oxymore.co\/index.php\/detente-shiatsu\/\">massage sensoriel<\/a>, de femme \u00e0 femme, avec respect, lenteur et bienveillance.<\/p>\n<p><a href=\"http:\/\/www.laurewerle.oxymore.co\/index.php\/contact-2\/\" data-action=\"button\" data-title=\"Je m'inscris!\">Je m&#8217;inscris!<\/a><\/p>\n<p><strong>Elles en parlent&#8230;<\/strong><\/p>\n<p><strong>R\u00e9gine<br \/>\n<\/strong><\/p>\n<p>\u00abBonjour ch\u00e8re Laure, bonjour les filles<\/p>\n<p>Je me permets de vous saluer ainsi parce que vous pourriez \u00eatre mes filles\u2026<\/p>\n<p>Laure j\u2019ai fait ta connaissance lors de la s\u00e9ance de massage pour b\u00e9b\u00e9s.<\/p>\n<p>Par curiosit\u00e9 je suis venue au cercle et j\u2019y ai d\u00e9couvert des nanas formidables . Des\u00a0<strong>\u00e9changes entre filles plus jeunes et moins jeunes<\/strong>\u00a0et\u00a0<strong>chacun y va de son v\u00e9cu, de son exp\u00e9rience, de son ressenti<\/strong>\u00a0et ce qui est bien c\u2019est que\u00a0<strong>TOUT reste entre nous\u00a0<\/strong>!!!<\/p>\n<p>J\u2019aimerais venir chaque mois mais comme je suis une retrait\u00e9e active c\u2019est pas toujours possible\u2026.<\/p>\n<p>Ce qui m\u2019a surpris\u00a0: au d\u00e9but on n\u2019ose pas trop parler et puis au fur et \u00e0 mesure les langues se d\u00e9lient, on a moins de \u00ab\u00a0freins\u00a0\u00bb \u00e0 dire ce qu\u2019on ressent.On s\u2019en fout de ce que les autres pensent\u2026\u00e0 un certain moment on est au m\u00eame niveau, m\u00eame si on ne vit pas les m\u00eames choses de la m\u00eame fa\u00e7on<\/p>\n<p>Vous m\u2019apportez toutes de la fraicheur, \u00a0moi j\u2019esp\u00e8re vous partagez un peu de mon v\u00e9cu<\/p>\n<p>&nbsp;<\/p>\n<p>Laure tu es une personne enrichissante, pas compliqu\u00e9e et tu arrives \u00e0 faire passer de super moments entre nanas\u00bb<\/p>\n<p>&nbsp;<\/p>\n<p><strong>Marion<\/strong><\/p>\n<p>\u00abC&#8217;est assez \u00e9trange d&#8217;essayer de d\u00e9crire ce qui s&#8217;y passe, c&#8217;est\u00a0<strong>tr\u00e8s intense<\/strong>, par moment rassurant par moment d\u00e9stabilisant, quoi qu&#8217;il en soit c&#8217;est int\u00e9ressant.<\/p>\n<p>Vous \u00eates hyper agr\u00e9able, et mette facilement en confiance. C&#8217;est surprenant la joie de vivre et le charisme que vous pouvez communiqu\u00e9.\u00a0Vous y apportez je pense, un esprit serein et confiant qui nous mette davantage \u00e0 l&#8217;aise. \u00bb<\/p>\n<p>&nbsp;<\/p>\n<p><strong>Laeta<\/strong><\/p>\n<p>Je suis venue au cercle de femmes parce que je souhaitais\u00a0<strong>\u00e9changer avec d\u2019autres femmes sur la f\u00e9minit\u00e9.<\/strong><\/p>\n<p>J\u2019\u00e9tais devenue un vrai gar\u00e7on manqu\u00e9 au point o\u00f9 je ne savais plus comment \u00eatre une femme. Peut \u00eatre que j\u2019avais rejet\u00e9 cette part de f\u00e9minit\u00e9 en moi. J\u2019ai appr\u00e9ci\u00e9 le fait d<strong>\u2019\u00eatre \u00e9cout\u00e9 et d\u2019entendre le point de vu de chacune<\/strong>. Ce qui \u00e9tait fortement int\u00e9ressant durant cette soir\u00e9e de rencontre et d\u2019\u00e9changes, c\u2019\u00e9tait de\u00a0<strong>se reconna\u00eetre, se retrouver dans la parole d\u2019autres femmes, de prendre conscience que nous partageons les m\u00eames doutes, pr\u00e9occupations et blessures<\/strong>. Nous avons\u00a0<strong>bien rigol\u00e9<\/strong>\u00a0aussi\u00a0!<\/p>\n<p>En quittant le groupe et cercle des femmes, j\u2019ai ressenti que ma d\u00e9marche avait chang\u00e9, elle \u00e9tait devenue plus f\u00e9minine. Si le fait de rencontrer d\u2019autres femmes est \u00e0 l\u2019origine de ce changement, je trouve cela\u00a0<strong>juste merveilleux<\/strong>\u00a0! C\u2019est comme si je m\u2019\u00e9tais\u00a0<strong>reconnect\u00e9e au f\u00e9minin<\/strong>\u00a0en une soir\u00e9e.\u00a0<strong>Je me sens plus femme et je ressens cette puissance f\u00e9minine m\u2019habiter \u00e0 nouveau<\/strong>. Merci \u00e0 toutes celles qui ont contribu\u00e9 \u00e0 cette belle \u00e9nergie et qui m\u2019ont permises de me retrouver (un peu plus, et de plus en plus).<\/p>\n<p>&nbsp;<\/p>\n<p>Laure, je trouve que tu es une personne lumineuse et altruiste. Tu vas toujours de l\u2019avant et les \u00e9v\u00e8nements que tu organises sont centr\u00e9s autour du bien \u00eatre des autres. Je trouve cela merveilleux\u00a0! Tu es vraiment une tr\u00e8s belle femme, douce et l\u00e9g\u00e8re et rigolote. Impliqu\u00e9e, s\u00e9rieuse aussi.<\/p>\n<p>Ce que tu m\u2019apportes et ressens\u00a0? de la joie et de l\u2019amour (sans aucun doute, sans aucune h\u00e9sitation).\u00bb<\/p>\n<p>&nbsp;<\/p>\n<p>&nbsp;<\/p>\n<p><strong>Nathalie<\/strong><\/p>\n<p>Voil\u00e0 tout ce qui m&#8217;a amen\u00e9e aux cercles de femmes :\u00a0<strong>nourrir la sororit\u00e9<\/strong>, le\u00a0<strong>besoin de la douceur<\/strong>\u00a0de mes s\u0153urs, du\u00a0<strong>soutien<\/strong>\u00a0des d\u00e9esses que nous sommes. Nous avons soif les unes des autres. Nos ventres et nos c\u0153urs forment une m\u00eame ronde.<\/p>\n<p>Ce\u00a0dernier\u00a0cercle m&#8217;a apais\u00e9e, il m&#8217;a apport\u00e9\u00a0<strong>la s\u00e9curit\u00e9<\/strong>, je ne suis plus sentie si seule. Depuis,\u00a0<strong>je repense ma fa\u00e7on de vivre<\/strong>,\u00a0<strong>de travailler, de relationner aux autres<\/strong>.Je ne sais pas o\u00f9 cela va me mener mais je sais que c&#8217;est maintenant.<\/p>\n<p>&nbsp;<\/p>\n<p>Je te regarde, je t&#8217;\u00e9coute, je vois une femme libre. Je sens aussi une \u00e9nergie yang \u00e9maner de toi.Le d\u00e9licat mariage du F\u00e9minin Sacr\u00e9 et du Masculin Sacr\u00e9 vibre en toi, tu as c\u00e9l\u00e9br\u00e9 tes \u00e9pousailles int\u00e9rieures.<\/p>\n<p>Je sens que tu as exp\u00e9riment\u00e9 par toi-m\u00eame ce que tu partages, ce ne sont pas des paroles que d&#8217;autre ont pu dire et que tu r\u00e9p\u00e9terais, non tu as v\u00e9ritablement v\u00e9cu ce que tu expliques.<\/p>\n<p><strong>Tu montres le chemin que tu as emprunt\u00e9<\/strong>\u00a0et tu le proposes aux s\u0153urs qui voudraient le tenter.<\/p>\n<p>&nbsp;<\/p>\n<p>Je t&#8217;embrasse bien fort.<\/p>\n<p><a href=\"https:\/\/oxymore.co\/cercle-de-femmes\/\" data-action=\"button\" data-title=\"Je m'inscris!\">Je m&#8217;inscris!<\/a><\/p>\n<\/div>\n<\/div><\/div><\/div><\/div><\/div><\/div>","protected":false},"excerpt":{"rendered":"<p>CERCLE DE FEMMES \u00ab\u00a0Quand les femmes \u00e9taient des oiseaux, Elles savaient que chanter \u00e0 l\u2019aube et au cr\u00e9puscule gu\u00e9rissait le Monde par la Joie. Les oiseaux se souviennent encore de ce que nous avons oubli\u00e9. Ils savent que le Monde doit \u00eatre c\u00e9l\u00e9br\u00e9\u00a0!\u00a0\u00bb Le Monde est fou.\u00a0Plus rien ne tourne rond. Tout est sens dessus [&hellip;]<\/p>\n","protected":false},"author":1,"featured_media":0,"parent":0,"menu_order":0,"comment_status":"closed","ping_status":"closed","template":"","meta":{"footnotes":""},"class_list":["post-90","page","type-page","status-publish","hentry","entry","owp-thumbs-layout-horizontal","owp-btn-normal","owp-tabs-layout-horizontal","has-no-thumbnails","has-product-nav"],"_links":{"self":[{"href":"https:\/\/www.laurewerle.oxymore.co\/index.php\/wp-json\/wp\/v2\/pages\/90","targetHints":{"allow":["GET"]}}],"collection":[{"href":"https:\/\/www.laurewerle.oxymore.co\/index.php\/wp-json\/wp\/v2\/pages"}],"about":[{"href":"https:\/\/www.laurewerle.oxymore.co\/index.php\/wp-json\/wp\/v2\/types\/page"}],"author":[{"embeddable":true,"href":"https:\/\/www.laurewerle.oxymore.co\/index.php\/wp-json\/wp\/v2\/users\/1"}],"replies":[{"embeddable":true,"href":"https:\/\/www.laurewerle.oxymore.co\/index.php\/wp-json\/wp\/v2\/comments?post=90"}],"version-history":[{"count":9,"href":"https:\/\/www.laurewerle.oxymore.co\/index.php\/wp-json\/wp\/v2\/pages\/90\/revisions"}],"predecessor-version":[{"id":396,"href":"https:\/\/www.laurewerle.oxymore.co\/index.php\/wp-json\/wp\/v2\/pages\/90\/revisions\/396"}],"wp:attachment":[{"href":"https:\/\/www.laurewerle.oxymore.co\/index.php\/wp-json\/wp\/v2\/media?parent=90"}],"curies":[{"name":"wp","href":"https:\/\/api.w.org\/{rel}","templated":true}]}}